{"id":38,"date":"2022-04-21T01:33:04","date_gmt":"2022-04-21T01:33:04","guid":{"rendered":"https:\/\/www.atelog.org\/enterprise\/about\/"},"modified":"2022-05-17T03:32:02","modified_gmt":"2022-05-17T03:32:02","slug":"qui_sommes_nous","status":"publish","type":"page","link":"https:\/\/www.atelog.org\/enterprise\/qui_sommes_nous\/","title":{"rendered":"Qui sommes nous?"},"content":{"rendered":"\n<h3>1.Cr\u00e9ation<\/h3>\n<p>ATELOG est une soci\u00e9t\u00e9 de formation aux TIC cr\u00e9\u00e9e le 01 Avril 2020 par un groupe d\u2019ing\u00e9nieurs ressortissants de l\u2019Universit\u00e9 Adventiste de Lukanga(UNILUK). Elle a \u00e9t\u00e9 cr\u00e9\u00e9e principalement pour offrir une formation pratique en informatique \u00e0 ses clients mais aussi pour apporter des solutions informatiques tant aux entreprises  qu\u2019aux particuliers. Principalement cr\u00e9\u00e9 pour concevoir et d\u00e9velopper des logiciels de gestion, des utilitaires, des applications mobiles et sites web.<\/p>\n<p>ATELOG  est \u00e9galement  un centre de formation professionnelle o\u00f9 il donne  des formations en informatique g\u00e9n\u00e9ral, en bureautique, en traitement des photos, en analyse et interpr\u00e9tation des donn\u00e9es statistiques, en installation des r\u00e9seaux internet et intranet mais aussi en conception, d\u00e9veloppement et impl\u00e9mentation des bases des donn\u00e9es et logiciels.&nbsp;<\/p><p><br><\/p><p>Outre la formation, ATELOG  g\u00e8re \u00e9galement des projets informatiques o\u00f9 il installe une infrastructure r\u00e9seau pour d&rsquo;autres entreprises et offre un soutien informatique \u00e0 d&rsquo;autres organisations, certaines des activit\u00e9s comprennent la maintenance et la r\u00e9paration d&rsquo;ordinateurs, la maintenance du r\u00e9seau, la maintenance des logiciels, des base des donn\u00e9es et des sites web<\/p>\n<h3>2.Services<\/h3>\n<p>Secr\u00e9tariat public<\/p><br>\n<p>Centre de formation professionnel<\/p><br>\n<p>Conception, d\u00e9veloppement  et installation des logiciels de gestion, des bases des donn\u00e9es, des applications mobiles, etc.<\/p><br>\n<p>Maintenances des appareils \u00e9lectroniques<\/p><br>\n<p>Audit informatique<\/p><br>\n<p>Installations des r\u00e9seaux internet et intranet<\/p><br>\n<p>Analyse et interpr\u00e9tation des donn\u00e9es statistiques<\/p><br>\n<h3>3.Notre mission<\/h3>\n<p>Faire connaitre l\u2019importance des NTIC au niveau de la gestion des entreprises, en Afrique \u00e0 particulier,  mais aussi y faciliter l\u2019informatisation  des syst\u00e8mes d\u2019information.<\/p>\n<p>Promouvoir des connaissances pratiques au sein de la nation afin de b\u00e2tir une base solide parmi les citoyens capables de cr\u00e9er leur propre entreprise et de r\u00e9duire le niveau d&rsquo;incomp\u00e9tence pour devenir des cr\u00e9ateurs d&#8217;emplois et leur permettre de concurrencer favorablement dans le domaine de l&#8217;emploi. <\/p>\n<h3>4.Notre vision<\/h3>\n<p>Dans un proche avenir, la soci\u00e9t\u00e9 pr\u00e9voit de s&rsquo;inscrire dans un institut tertiaire offrant des services \u00e0 des clients de nombreuses r\u00e9gions d&rsquo;Afrique. Et en \u00e9largissant les ressources, augmenter les services offerts afin qu&rsquo;ils deviennent les leaders informatiques \u00e0 ce qui concerne les services num\u00e9riques pratiques.<\/p>\n<h3>5.Notre adresse<\/h3>\nNous nous situons en R\u00e9publique D\u00e9mocratique du Congo, au Nord-Kivu, en ville de Butembo sur \nCroisement <b><i>Avenue KIGHOMBWE<\/i><\/b> et <b><i>Rue MUTHEMBO<\/i><\/b> sur B\u00e2timent MBAHINGANA au premier Etage  (Av. KIGHOMBWE N\u00b05). \nTel: +243 997 621 308, +243 976 422 980\nEmail: <a mailto:contact@atelog.org=\"\">contact@atelog.org<\/a>\n","protected":false},"excerpt":{"rendered":"<p>1.Cr\u00e9ation ATELOG est une soci\u00e9t\u00e9 de formation aux TIC cr\u00e9\u00e9e le 01 Avril 2020 par un groupe d\u2019ing\u00e9nieurs ressortissants de<\/p>\n","protected":false},"author":1,"featured_media":75,"parent":0,"menu_order":0,"comment_status":"closed","ping_status":"closed","template":"","meta":{"footnotes":""},"class_list":["post-38","page","type-page","status-publish","has-post-thumbnail","hentry"],"_links":{"self":[{"href":"https:\/\/www.atelog.org\/enterprise\/wp-json\/wp\/v2\/pages\/38","targetHints":{"allow":["GET"]}}],"collection":[{"href":"https:\/\/www.atelog.org\/enterprise\/wp-json\/wp\/v2\/pages"}],"about":[{"href":"https:\/\/www.atelog.org\/enterprise\/wp-json\/wp\/v2\/types\/page"}],"author":[{"embeddable":true,"href":"https:\/\/www.atelog.org\/enterprise\/wp-json\/wp\/v2\/users\/1"}],"replies":[{"embeddable":true,"href":"https:\/\/www.atelog.org\/enterprise\/wp-json\/wp\/v2\/comments?post=38"}],"version-history":[{"count":4,"href":"https:\/\/www.atelog.org\/enterprise\/wp-json\/wp\/v2\/pages\/38\/revisions"}],"predecessor-version":[{"id":100,"href":"https:\/\/www.atelog.org\/enterprise\/wp-json\/wp\/v2\/pages\/38\/revisions\/100"}],"wp:featuredmedia":[{"embeddable":true,"href":"https:\/\/www.atelog.org\/enterprise\/wp-json\/wp\/v2\/media\/75"}],"wp:attachment":[{"href":"https:\/\/www.atelog.org\/enterprise\/wp-json\/wp\/v2\/media?parent=38"}],"curies":[{"name":"wp","href":"https:\/\/api.w.org\/{rel}","templated":true}]}}